{"id":193,"date":"2022-03-23T21:21:02","date_gmt":"2022-03-23T21:21:02","guid":{"rendered":"https:\/\/www.gizp.online\/blog\/?page_id=193"},"modified":"2022-03-23T23:56:26","modified_gmt":"2022-03-23T23:56:26","slug":"va-la-cdmx-por-detonar-el-desarrollo-inmobiliario","status":"publish","type":"page","link":"https:\/\/www.gizp.online\/blog\/va-la-cdmx-por-detonar-el-desarrollo-inmobiliario\/","title":{"rendered":"Va la CDMX por detonar el desarrollo inmobiliario"},"content":{"rendered":"\n<p>El Universal.<\/p>\n\n\n\n<figure class=\"wp-block-image size-large\"><img loading=\"lazy\" width=\"1024\" height=\"576\" src=\"https:\/\/www.gizp.online\/blog\/wp-content\/uploads\/2022\/03\/WhatsApp-Image-2022-03-23-at-5.54.32-PM-1024x576.jpeg\" alt=\"\" class=\"wp-image-213\" srcset=\"https:\/\/www.gizp.online\/blog\/wp-content\/uploads\/2022\/03\/WhatsApp-Image-2022-03-23-at-5.54.32-PM-1024x576.jpeg 1024w, https:\/\/www.gizp.online\/blog\/wp-content\/uploads\/2022\/03\/WhatsApp-Image-2022-03-23-at-5.54.32-PM-300x169.jpeg 300w, https:\/\/www.gizp.online\/blog\/wp-content\/uploads\/2022\/03\/WhatsApp-Image-2022-03-23-at-5.54.32-PM-768x432.jpeg 768w, https:\/\/www.gizp.online\/blog\/wp-content\/uploads\/2022\/03\/WhatsApp-Image-2022-03-23-at-5.54.32-PM-769x433.jpeg 769w, https:\/\/www.gizp.online\/blog\/wp-content\/uploads\/2022\/03\/WhatsApp-Image-2022-03-23-at-5.54.32-PM.jpeg 1280w\" sizes=\"(max-width: 1024px) 100vw, 1024px\" \/><\/figure>\n\n\n\n<p>Durante el 2020, a ra\u00edz de la pandemia, en esta gran urbe fuimos testigos de c\u00f3mo, desde las peque\u00f1as oficinas hasta los grandes corporativos, se fueron quedando sin sus tradicionales moradores. En paralelo, en los hogares de cada empleado surgi\u00f3 la necesidad de adaptar un espacio para trabajar. Como corredores inmobiliarios hemos sido testigos inmediatos de este doble fen\u00f3meno y del incremento de la necesidad del ser humano, por tener un espacio al aire libre.<\/p>\n\n\n\n<p>La suma de estos cambios y necesidades, a reserva del an\u00e1lisis que cada caso amerite, empieza a encontrar una l\u00ednea de atenci\u00f3n; la jefa de gobierno de la Ciudad de M\u00e9xico, Claudia Sheinbaum, firm\u00f3 un acuerdo para convertir oficinas en vivienda. En El Universal se lee, \u201cOficializa reconvertir edificios de oficinas a viviendas\u201d. <\/p>\n\n\n\n<p><\/p>\n\n\n\n<p><a href=\"https:\/\/www.eluniversal.com.mx\/metropoli\/va-la-cdmx-por-detonar-el-desarrollo-inmobiliario\" target=\"_blank\" rel=\"noreferrer noopener\">https:\/\/www.eluniversal.com.mx\/metropoli\/va-la-cdmx-por-detonar-el-desarrollo-inmobiliario<\/a><\/p>\n\n\n\n<p>Esta noticia es positiva para nuestro gremio porque implica, entre otras cosas, la comercializaci\u00f3n de los metros cuadrados, que ser\u00e1n readaptados.<\/p>\n\n\n\n<p>Comparte con nosotros tu opini\u00f3n sobre este tema.<br><strong>\u00danete al sector inmobiliario organizado, Grupo Inmobiliario Zona Poniente, te espera<\/strong><\/p>\n\n\n\n<p><a href=\"https:\/\/www.gizp.online\/contacto\" target=\"_blank\" rel=\"noreferrer noopener\">https:\/\/www.gizp.online\/contacto<\/a><\/p>\n\n\n\n<p><\/p>\n\n\n\n<figure class=\"wp-block-image size-full\"><img loading=\"lazy\" width=\"301\" height=\"321\" src=\"https:\/\/www.gizp.online\/blog\/wp-content\/uploads\/2022\/03\/claudia-maryssael.jpeg\" alt=\"\" class=\"wp-image-195\" srcset=\"https:\/\/www.gizp.online\/blog\/wp-content\/uploads\/2022\/03\/claudia-maryssael.jpeg 301w, https:\/\/www.gizp.online\/blog\/wp-content\/uploads\/2022\/03\/claudia-maryssael-281x300.jpeg 281w\" sizes=\"(max-width: 301px) 100vw, 301px\" \/><figcaption><strong><a href=\"https:\/\/www.gizp.online\/consultor\/161-claudia-maryssael\">Claudia Maryssael<\/a><\/strong>,  Educaci\u00f3n GIZP<\/figcaption><\/figure>\n","protected":false},"excerpt":{"rendered":"<p>El Universal. Durante el 2020, a ra\u00edz de la pandemia, en esta gran urbe fuimos testigos de c\u00f3mo, desde las peque\u00f1as oficinas hasta los grandes&hellip;<\/p>\n","protected":false},"author":2,"featured_media":196,"parent":0,"menu_order":0,"comment_status":"closed","ping_status":"closed","template":"","meta":[],"_links":{"self":[{"href":"https:\/\/www.gizp.online\/blog\/wp-json\/wp\/v2\/pages\/193"}],"collection":[{"href":"https:\/\/www.gizp.online\/blog\/wp-json\/wp\/v2\/pages"}],"about":[{"href":"https:\/\/www.gizp.online\/blog\/wp-json\/wp\/v2\/types\/page"}],"author":[{"embeddable":true,"href":"https:\/\/www.gizp.online\/blog\/wp-json\/wp\/v2\/users\/2"}],"replies":[{"embeddable":true,"href":"https:\/\/www.gizp.online\/blog\/wp-json\/wp\/v2\/comments?post=193"}],"version-history":[{"count":10,"href":"https:\/\/www.gizp.online\/blog\/wp-json\/wp\/v2\/pages\/193\/revisions"}],"predecessor-version":[{"id":214,"href":"https:\/\/www.gizp.online\/blog\/wp-json\/wp\/v2\/pages\/193\/revisions\/214"}],"wp:featuredmedia":[{"embeddable":true,"href":"https:\/\/www.gizp.online\/blog\/wp-json\/wp\/v2\/media\/196"}],"wp:attachment":[{"href":"https:\/\/www.gizp.online\/blog\/wp-json\/wp\/v2\/media?parent=193"}],"curies":[{"name":"wp","href":"https:\/\/api.w.org\/{rel}","templated":true}]}}