{"id":45,"date":"2022-01-18T04:01:50","date_gmt":"2022-01-18T04:01:50","guid":{"rendered":"https:\/\/www.gizp.online\/blog\/?page_id=45"},"modified":"2026-01-28T15:14:12","modified_gmt":"2026-01-28T15:14:12","slug":"comite-de-etica","status":"publish","type":"page","link":"https:\/\/www.gizp.online\/blog\/comite-de-etica\/","title":{"rendered":"Comit\u00e9 de \u00c9tica"},"content":{"rendered":"\n<p>GIZP, a trav\u00e9s de su Comit\u00e9 de \u00c9tica, ayuda a los inmobiliarios afiliados a resolver de manera arm\u00f3nica y conciliatoria  una controversia o diferencia entre los mismos sin fungir como un tribunal o juzgado.<\/p>\n\n\n\n<p>El Comit\u00e9 de \u00c9tica es un \u00d3rgano de Conciliaci\u00f3n conformado por Profesionales Inmobiliarios elegidos por el Consejo Directivo de la Asociaci\u00f3n en el que no se permite la participaci\u00f3n de abogados. <\/p>\n\n\n\n<p>Al pertenecer a la asociaci\u00f3n y haber firmado el c\u00f3digo de \u00e9tica, el afiliado deber\u00e1n respetar cabalmente las recomendaciones de dicho Comit\u00e9, que se har\u00e1n despu\u00e9s &nbsp;de analizar una diferencia o controversia solicitada.<\/p>\n\n\n\n<p>El fallo es de car\u00e1cter inapelable y en caso de no ser respetado, el afiliado que no cumpla con la recomendaci\u00f3n ser\u00e1 boletinado entre los afiliados de GIZP. En caso de ser necesario se solicitar\u00e1 el trabajo conjunto con otras Asociaciones inmobiliarias de la Ciudad de M\u00e9xico o del interior de la rep\u00fablica, y en su caso, se mandar\u00e1 el bolet\u00edn a otras partes del pa\u00eds.<\/p>\n\n\n\n<p><a href=\"https:\/\/www.gizp.online\/blog\/codigo-de-etica\/\" data-type=\"page\" data-id=\"135\">C\u00f3digo de \u00c9tica de GIZP<\/a><\/p>\n\n\n\n<p>Para ingresar o solicitar una controversia , favor de enviar un correo electr\u00f3nico a <strong>comiteeticagizp@gmail.com<\/strong>, y te enviaremos los requisitos para el debido ingreso.<\/p>\n\n\n\n<p>Tel\u00e9fonos de contacto: 55 1951 3599  y 55 5500 2864<\/p>\n\n\n\n<p><a href=\"https:\/\/www.gizp.online\/blog\/wp-content\/uploads\/2023\/08\/Etica-GIZP-FORMATO-INGRESO-CONTROVERSIA-2023.pdf\" data-type=\"URL\" data-id=\"https:\/\/www.gizp.online\/blog\/wp-content\/uploads\/2023\/08\/Etica-GIZP-FORMATO-INGRESO-CONTROVERSIA-2023.pdf\" target=\"_blank\" rel=\"noreferrer noopener\">GIZP-FORMATO-INGRESO-CONTROVERSIA-2023.pdf<\/a><\/p>\n\n\n\n<p><a href=\"https:\/\/www.gizp.online\/blog\/wp-content\/uploads\/2023\/08\/Etica-GIZP-REQUISITOS-PARA-INGRESO-CONTROVERSIA-2023.pdf\" target=\"_blank\" rel=\"noreferrer noopener\">GIZP-REQUISITOS-PARA-INGRESO-CONTROVERSIA-2023.pdf<\/a><\/p>\n\n\n\n<div class=\"wp-block-columns\">\n<div class=\"wp-block-column\" style=\"flex-basis:100%\">\n<div class=\"wp-block-group\"><div class=\"wp-block-group__inner-container\"><\/div><\/div>\n<\/div>\n<\/div>\n\n\n\n<div class=\"row\">\n\n<div class=\"col-md-12\" style=\"margin-top:50px;display: table;margin: 10px auto;\">\n<div class=\"card team-members\">\n  <div class=\"row no-gutters\">\n    <div class=\"col-md-6\">\n        <div class=\"circular--landscape\">\n    <a href=\"https:\/\/www.gizp.online\/consultor\/208-mariana-segura\">\n      <img src=\"https:\/\/www.gizp.online\/blog\/wp-content\/uploads\/2024\/07\/marianas.jpeg\">\n  <\/a>\n<\/div>\n    <\/div>\n    <div class=\"col-md-8\">\n      <div class=\"card-body\">\n        <h5 class=\"card-title\">&nbsp;<\/h5>\n        <!--<p class=\"card-text\">It's a broader card with text below as a natural lead-in to extra content. This content is a little longer.<\/p>-->\n        <div class=\"member-contact\">\n        <p style=\"margin-bottom:1rem;\">Presidente del Comit\u00e9 de \u00c9tica <\/p>\n        <p style=\"margin-bottom:1rem;\">Mariana Segura<\/p>\n        \n        <a href=\"https:\/\/www.gizp.online\/consultor\/208-mariana-segura\"><button class=\"btn btn-danger\">Ver Perfil<\/button><\/a>\n        <\/div>\n        \n      <\/div>\n    <\/div>\n  <\/div>\n<\/div>\n\n<\/div>\n\n<div class=\"col-md-12\" style=\"margin-top:50px;display: table;margin: 10px auto;\">\n<div class=\"card team-members\">\n  <div class=\"row no-gutters\">\n    <div class=\"col-md-6\">\n        <div class=\"circular--landscape\">\n    <a href=\"https:\/\/www.gizp.online\/consultor\/174-paty-cabieses\">\n      <img src=\"https:\/\/www.e-inmob.com\/admin123789\/assets\/images\/perfil\/2026-01-28_09_09_53_2.jpeg\">\n  <\/a>\n<\/div>\n    <\/div>\n    <div class=\"col-md-8\">\n      <div class=\"card-body\">\n        <h5 class=\"card-title\">&nbsp;<\/h5>\n        <!--<p class=\"card-text\">It's a broader card with text below as a natural lead-in to extra content. This content is a little longer.<\/p>-->\n        <div class=\"member-contact\">\n        <p style=\"margin-bottom:1rem;\">Miembro del Comit\u00e9 de \u00c9tica <\/p>\n        <p style=\"margin-bottom:1rem;\">Paty Cabieses<\/p>\n        \n        <a href=\"https:\/\/www.gizp.online\/consultor\/174-paty-cabieses\"><button class=\"btn btn-danger\">Ver Perfil<\/button><\/a>\n        <\/div>\n        \n      <\/div>\n    <\/div>\n  <\/div>\n<\/div>\n\n<\/div>\n\n\n<div class=\"col-md-12\" style=\"margin-top:50px;display: table;margin: 10px auto;\">\n<div class=\"card team-members\">\n  <div class=\"row no-gutters\">\n    <div class=\"col-md-6\">\n        <div class=\"circular--landscape\">\n    <a href=\"https:\/\/www.gizp.online\/consultor\/206-joseph-mansur\">\n      <img src=\"https:\/\/www.e-inmob.com\/admin123789\/assets\/images\/perfil\/2022-08-29_16_23_21_2.jpeg\">\n  <\/a>\n<\/div>\n    <\/div>\n    <div class=\"col-md-8\">\n      <div class=\"card-body\">\n        <h5 class=\"card-title\">&nbsp;<\/h5>\n        <!--<p class=\"card-text\">It's a broader card with text below as a natural lead-in to extra content. This content is a little longer.<\/p>-->\n        <div class=\"member-contact\">\n        <p style=\"margin-bottom:1rem;\">Miembro del Comit\u00e9 de \u00c9tica <\/p>\n        <p style=\"margin-bottom:1rem;\">Joseph Mansur<\/p>\n        \n        <a href=\"https:\/\/www.gizp.online\/consultor\/206-joseph-mansur\"><button class=\"btn btn-danger\">Ver Perfil<\/button><\/a>\n        <\/div>\n        \n      <\/div>\n    <\/div>\n  <\/div>\n<\/div>\n\n<\/div>\n\n\n\n\n\n\n\n\n\n<div class=\"col-md-12\" style=\"margin-top:50px;display: table;margin: 10px auto;\">\n<div class=\"card team-members\">\n  <div class=\"row no-gutters\">\n    <div class=\"col-md-6\">\n        <div class=\"circular--landscape\">\n    <a href=\"https:\/\/www.gizp.online\/consultor\/194-bustamante\">\n      <img src=\"https:\/\/www.e-inmob.com\/admin123789\/assets\/images\/perfil\/2026-01-28_08_54_48_2.jpeg\">\n  <\/a>\n<\/div>\n    <\/div>\n    <div class=\"col-md-8\">\n      <div class=\"card-body\">\n        <h5 class=\"card-title\">&nbsp;<\/h5>\n        <!--<p class=\"card-text\">It's a broader card with text below as a natural lead-in to extra content. This content is a little longer.<\/p>-->\n        <div class=\"member-contact\">\n        <p style=\"margin-bottom:1rem;\">Miembro del Comit\u00e9 de \u00c9tica <\/p>\n        <p style=\"margin-bottom:1rem;\">Fernando R. Bustamante<\/p>\n        \n        <a href=\"https:\/\/www.gizp.online\/consultor\/194-bustamante\"><button class=\"btn btn-danger\">Ver Perfil<\/button><\/a>\n        <\/div>\n        \n      <\/div>\n    <\/div>\n  <\/div>\n<\/div>\n\n<\/div>\n\n\n\n<div class=\"col-md-12\" style=\"margin-top:50px;display: table;margin: 10px auto;\">\n<div class=\"card team-members\">\n  <div class=\"row no-gutters\">\n    <div class=\"col-md-6\">\n        <div class=\"circular--landscape\">\n    <a href=\"https:\/\/www.gizp.online\/consultor\/2-alejandro-meyer\">\n      <img src=\"https:\/\/www.e-inmob.com\/admin123789\/assets\/images\/perfil\/2025-02-06_12_22_49_2.jpg\">\n  <\/a>\n<\/div>\n    <\/div>\n    <div class=\"col-md-8\">\n      <div class=\"card-body\">\n        <h5 class=\"card-title\">&nbsp;<\/h5>\n        <!--<p class=\"card-text\">It's a broader card with text below as a natural lead-in to extra content. This content is a little longer.<\/p>-->\n        <div class=\"member-contact\">\n        <p style=\"margin-bottom:1rem;\">Miembro del Comit\u00e9 de \u00c9tica <\/p>\n        <p style=\"margin-bottom:1rem;\">Alejandro Meyer<\/p>\n        \n        <a href=\"https:\/\/www.gizp.online\/consultor\/2-alejandro-meyer\"><button class=\"btn btn-danger\">Ver Perfil<\/button><\/a>\n        <\/div>\n        \n      <\/div>\n    <\/div>\n  <\/div>\n<\/div>\n\n<\/div>\n\n\n\n\n\n\n<\/div>\n\n<style>\n.card {\n  position: relative;\n  display: -webkit-box;\n  display: -ms-flexbox;\n  display: flex;\n  -webkit-box-orient: vertical;\n  -webkit-box-direction: normal;\n  -ms-flex-direction: column;\n  flex-direction: column;\n  min-width: 0;\n  word-wrap: break-word;\n  background-color: #fff;\n  background-clip: border-box;\n  border: 1px solid rgba(0,0,0,.125);\n  border-radius: .25rem;\n}\n.circular--landscape {\n  display: inline-block;\n  position: relative;\n  width: 200px;\n  height: 200px;\n  overflow: hidden;\n  border-radius: 50%;\n  background-color: #4D4D4D;\nmargin-left:5px;\n}\n.no-gutters {\n  margin-right: 0;\n  margin-left: 0;\n}\n.btn-danger{\nbackground: #F66133;\nborder: 1px solid #F66133;\n  border-bottom-color: rgb(246, 97, 51);\n  border-bottom-style: solid;\n  border-bottom-width: 1px;\nborder-bottom: 3px solid #F66133;\n}\n<\/style>\n","protected":false},"excerpt":{"rendered":"<p>GIZP, a trav\u00e9s de su Comit\u00e9 de \u00c9tica, ayuda a los inmobiliarios afiliados a resolver de manera arm\u00f3nica y conciliatoria una controversia o diferencia entre&hellip;<\/p>\n","protected":false},"author":1,"featured_media":0,"parent":0,"menu_order":0,"comment_status":"closed","ping_status":"closed","template":"","meta":[],"_links":{"self":[{"href":"https:\/\/www.gizp.online\/blog\/wp-json\/wp\/v2\/pages\/45"}],"collection":[{"href":"https:\/\/www.gizp.online\/blog\/wp-json\/wp\/v2\/pages"}],"about":[{"href":"https:\/\/www.gizp.online\/blog\/wp-json\/wp\/v2\/types\/page"}],"author":[{"embeddable":true,"href":"https:\/\/www.gizp.online\/blog\/wp-json\/wp\/v2\/users\/1"}],"replies":[{"embeddable":true,"href":"https:\/\/www.gizp.online\/blog\/wp-json\/wp\/v2\/comments?post=45"}],"version-history":[{"count":26,"href":"https:\/\/www.gizp.online\/blog\/wp-json\/wp\/v2\/pages\/45\/revisions"}],"predecessor-version":[{"id":977,"href":"https:\/\/www.gizp.online\/blog\/wp-json\/wp\/v2\/pages\/45\/revisions\/977"}],"wp:attachment":[{"href":"https:\/\/www.gizp.online\/blog\/wp-json\/wp\/v2\/media?parent=45"}],"curies":[{"name":"wp","href":"https:\/\/api.w.org\/{rel}","templated":true}]}}