{"id":49,"date":"2022-01-18T04:04:01","date_gmt":"2022-01-18T04:04:01","guid":{"rendered":"https:\/\/www.gizp.online\/blog\/?page_id=49"},"modified":"2026-01-20T18:54:39","modified_gmt":"2026-01-20T18:54:39","slug":"acerca-de-nosotros","status":"publish","type":"page","link":"https:\/\/www.gizp.online\/blog\/acerca-de-nosotros\/","title":{"rendered":"Acerca de Nosotros"},"content":{"rendered":"\n<p>Historia:<\/p>\n\n\n\n<p>GIZP, Grupo Inmobiliarios Zona Poniente M\u00e9xico, A.C. es una asociaci\u00f3n inmobiliaria que nace en el a\u00f1o 2012; con una visi\u00f3n acerca de las necesidades del sector Inmobiliario en M\u00e9xico y sobre todo con un enfoque espec\u00edfico para unificar las competencias laborales que exige la gran Ciudad de M\u00e9xico.<\/p>\n\n\n\n<p>El GIZP comenz\u00f3 operando como una asociaci\u00f3n que daba servicio al sector inmobiliario, principalmente de la zona Poniente de la ciudad, que en la actualidad se ha extendido a atender inmobiliarios, en la zona sur, Norte y Oriente tambi\u00e9n. Debido a las exigencias que exist\u00edan y a\u00fan existen en el medio, su Consejo Directivo desarrolla sus ideas, aunado a la gran preparaci\u00f3n profesional de cada uno de ellos para lograrlo han sumado a la asociaci\u00f3n, tanto empresas como asesores independientes, que comparten la visi\u00f3n de del Consejo. El n\u00famero de asociados aument\u00f3 considerablemente en muy poco tiempo, el \u00e9xito tuvo como base, la firma de un C\u00f3digo de \u00c9tica, por cada asesor afiliado.<\/p>\n\n\n\n<div class=\"wp-block-image\"><figure class=\"alignleft size-large is-resized\"><img loading=\"lazy\" src=\"https:\/\/www.gizp.online\/blog\/wp-content\/uploads\/2023\/07\/curso-3-1024x576.jpg\" alt=\"\" class=\"wp-image-569\" width=\"-481\" height=\"-271\" srcset=\"https:\/\/www.gizp.online\/blog\/wp-content\/uploads\/2023\/07\/curso-3-1024x576.jpg 1024w, https:\/\/www.gizp.online\/blog\/wp-content\/uploads\/2023\/07\/curso-3-300x169.jpg 300w, https:\/\/www.gizp.online\/blog\/wp-content\/uploads\/2023\/07\/curso-3-768x432.jpg 768w, https:\/\/www.gizp.online\/blog\/wp-content\/uploads\/2023\/07\/curso-3-1536x864.jpg 1536w, https:\/\/www.gizp.online\/blog\/wp-content\/uploads\/2023\/07\/curso-3-769x433.jpg 769w, https:\/\/www.gizp.online\/blog\/wp-content\/uploads\/2023\/07\/curso-3-600x338.jpg 600w, https:\/\/www.gizp.online\/blog\/wp-content\/uploads\/2023\/07\/curso-3.jpg 1600w\" sizes=\"(max-width: 1024px) 100vw, 1024px\" \/><figcaption>cursos y ponencias<\/figcaption><\/figure><\/div>\n\n\n\n<p>Bajo este esquema de \u00e9tica y honestidad en el trabajo, se cre\u00f3 tambi\u00e9n el 1er Comit\u00e9 de \u00c9tica, formado por 5 Inmobiliarios con experiencia de 20 a 30 a\u00f1os, el cual se encarga de cuidar y proteger el buen desempe\u00f1o de sus afiliados, en las relaciones laborales que nos unen. En este Comit\u00e9, encontrar\u00e1n el apoyo que buscan y necesitan de una forma personalizada y muy discrecional, donde se analizar\u00e1n las Controversias, para llevarlas a un buen acuerdo.<\/p>\n\n\n\n<p>El Consejo Directivo y Administrativo, busca homologar y validar los derechos y obligaciones que nos competen, con la finalidad de dar un servicio de calidad, a toda la comunidad Inmobiliaria afiliada a GIZP.<\/p>\n\n\n\n<p>Hoy GIZP, con todos sus afiliados, est\u00e1 formado por grandes empresas inmobiliarias as\u00ed como por asesores inmobiliarios independientes, todos con \u00e9tica y gran profesionalidad muchos ya certificados por CONOCER.<\/p>\n\n\n\n<p>Porque pertenecer a GIZP.<\/p>\n\n\n\n<p>GIZP se destaca por su plataforma de colaboraci\u00f3n digital y su networking en la zona poniente de la CDMX, ofreciendo oportunidades de negocio y un entorno profesional \u00e9tico. Adem\u00e1s, brinda capacitaci\u00f3n continua, alianzas estrat\u00e9gicas y asesor\u00eda especializada para impulsar el crecimiento de los miembros.<\/p>\n\n\n\n<p>En GIZP promovemos el \u00e9xito inmobiliario y el bienestar integral.<\/p>\n\n\n\n<p>En el medio inmobiliario somos los L\u00edderes en Acci\u00f3n.<\/p>\n\n\n\n<p>Visita nuestras redes sociales:<\/p>\n\n\n\n<p><a href=\"https:\/\/www.facebook.com\/gizpinmobiliarios\">https:\/\/www.facebook.com\/gizpinmobiliarios<\/a><\/p>\n\n\n\n<p><a href=\"https:\/\/instagram.com\/gizpoficial?utm_medium=copy_link\"> https:\/\/instagram.com\/gizpoficial?utm_medium=copy_link <\/a><\/p>\n\n\n\n<p><a href=\"https:\/\/youtube.com\/channel\/UChLNLwjyeagmN4ks-Pl2O3A\">https:\/\/youtube.com\/channel\/UChLNLwjyeagmN4ks-Pl2O3A<\/a><\/p>\n\n\n\n<p><\/p>\n","protected":false},"excerpt":{"rendered":"<p>Historia: GIZP, Grupo Inmobiliarios Zona Poniente M\u00e9xico, A.C. es una asociaci\u00f3n inmobiliaria que nace en el a\u00f1o 2012; con una visi\u00f3n acerca de las necesidades&hellip;<\/p>\n","protected":false},"author":1,"featured_media":0,"parent":0,"menu_order":0,"comment_status":"closed","ping_status":"closed","template":"","meta":[],"_links":{"self":[{"href":"https:\/\/www.gizp.online\/blog\/wp-json\/wp\/v2\/pages\/49"}],"collection":[{"href":"https:\/\/www.gizp.online\/blog\/wp-json\/wp\/v2\/pages"}],"about":[{"href":"https:\/\/www.gizp.online\/blog\/wp-json\/wp\/v2\/types\/page"}],"author":[{"embeddable":true,"href":"https:\/\/www.gizp.online\/blog\/wp-json\/wp\/v2\/users\/1"}],"replies":[{"embeddable":true,"href":"https:\/\/www.gizp.online\/blog\/wp-json\/wp\/v2\/comments?post=49"}],"version-history":[{"count":14,"href":"https:\/\/www.gizp.online\/blog\/wp-json\/wp\/v2\/pages\/49\/revisions"}],"predecessor-version":[{"id":972,"href":"https:\/\/www.gizp.online\/blog\/wp-json\/wp\/v2\/pages\/49\/revisions\/972"}],"wp:attachment":[{"href":"https:\/\/www.gizp.online\/blog\/wp-json\/wp\/v2\/media?parent=49"}],"curies":[{"name":"wp","href":"https:\/\/api.w.org\/{rel}","templated":true}]}}