{"id":53,"date":"2022-01-18T04:05:32","date_gmt":"2022-01-18T04:05:32","guid":{"rendered":"https:\/\/www.gizp.online\/blog\/?page_id=53"},"modified":"2026-01-28T15:15:02","modified_gmt":"2026-01-28T15:15:02","slug":"organigrama","status":"publish","type":"page","link":"https:\/\/www.gizp.online\/blog\/organigrama\/","title":{"rendered":"Organigrama"},"content":{"rendered":"\n<div class=\"row\">\n\n\n\n<div class=\"col-md-12\" style=\"margin-top:50px;display: table;margin: 10px auto;\">\n<div class=\"card team-members\">\n  <div class=\"row no-gutters\">\n    <div class=\"col-md-6\">\n      <div class=\"circular--landscape\">\n    <a href=\"#\">\n      <img src=\"https:\/\/www.e-inmob.com\/admin123789\/assets\/images\/perfil\/2022-11-30_00_33_37_2.jpeg\">\n  <\/a>\n<\/div>\n    <\/div>\n    <div class=\"col-md-8\">\n      <div class=\"card-body\">\n        <h5 class=\"card-title\">&nbsp;<\/h5>\n        <!--<p class=\"card-text\">It's a broader card with text below as a natural lead-in to extra content. This content is a little longer.<\/p>-->\n        <div class=\"member-contact\">\n    <p style=\"margin-bottom:1rem;\">PRESIDENTE<\/p>\n    <p style=\"margin-bottom:1rem;\">Roslin Balli<\/p>\n\n    <\/div>\n        \n      <\/div>\n    <\/div>\n  <\/div>\n<\/div>\n\n<\/div>\n\n\n\n\n<div class=\"col-md-12\" style=\"margin-top:50px;display: table;margin: 10px auto;\">\n<div class=\"card team-members\">\n  <div class=\"row no-gutters\">\n    <div class=\"col-md-6\">\n      <div class=\"circular--landscape\">\n    <a href=\"https:\/\/www.gizp.online\/consultor\/504-dimphna\">\n      <img src=\"https:\/\/www.e-inmob.com\/admin123789\/assets\/images\/perfil\/2026-01-20_23_10_54_2.jpg\">\n  <\/a>\n<\/div>\n    <\/div>\n    <div class=\"col-md-8\">\n      <div class=\"card-body\">\n        <h5 class=\"card-title\">&nbsp;<\/h5>\n        <!--<p class=\"card-text\">It's a broader card with text below as a natural lead-in to extra content. This content is a little longer.<\/p>-->\n        <div class=\"member-contact\">\n    <p style=\"margin-bottom:1rem;\">VICEPRESIDENTE Y DIRECCI\u00d3N DE EDUCACI\u00d3N<\/p>\n    <p style=\"margin-bottom:1rem;\">Dimphna Cabello<\/p>\n    \n    <a href=\"https:\/\/www.gizp.online\/consultor\/504-dimphna\"><button class=\"btn btn-danger\">Ver Perfil<\/button><\/a>\n    <\/div>\n        \n      <\/div>\n    <\/div>\n  <\/div>\n<\/div>\n\n<\/div>\n\n\n\n<div class=\"col-md-12\" style=\"margin-top:50px;display: table;margin: 10px auto;\">\n<div class=\"card team-members\">\n  <div class=\"row no-gutters\">\n    <div class=\"col-md-6\">\n      <div class=\"circular--landscape\">\n    <a href=\"https:\/\/www.gizp.online\/consultor\/208-mariana-segura\">\n      <img src=\"https:\/\/www.e-inmob.com\/admin123789\/assets\/images\/perfil\/2024-07-11_13_46_00_2.jpeg\">\n  <\/a>\n<\/div>\n    <\/div>\n    <div class=\"col-md-8\">\n      <div class=\"card-body\">\n        <h5 class=\"card-title\">&nbsp;<\/h5>\n        <!--<p class=\"card-text\">It's a broader card with text below as a natural lead-in to extra content. This content is a little longer.<\/p>-->\n        <div class=\"member-contact\">\n    <p style=\"margin-bottom:1rem;\">PRESIDENTE COMIT\u00c9 DE \u00c9TICA<\/p>\n    <p style=\"margin-bottom:1rem;\">Mariana Segura<\/p>\n    \n    <a href=\"https:\/\/www.gizp.online\/consultor\/208-mariana-segura\"><button class=\"btn btn-danger\">Ver Perfil<\/button><\/a>\n    <\/div>\n        \n      <\/div>\n    <\/div>\n  <\/div>\n<\/div>\n\n<\/div>\n\n\n\n\n  <div class=\"col-md-12\" style=\"margin-top:50px;display: table;margin: 10px auto;\">\n<div class=\"card team-members\">\n  <div class=\"row no-gutters\">\n    <div class=\"col-md-6\">\n      <div class=\"circular--landscape\">\n    <a href=\"https:\/\/www.gizp.online\/consultor\/203-sary-sutton\">\n      <img src=\"https:\/\/www.e-inmob.com\/admin123789\/assets\/images\/perfil\/2022-08-29_16_35_20_2.png\">\n  <\/a>\n<\/div>\n    <\/div>\n    <div class=\"col-md-8\">\n      <div class=\"card-body\">\n        <h5 class=\"card-title\">&nbsp;<\/h5>\n        <!--<p class=\"card-text\">It's a broader card with text below as a natural lead-in to extra content. This content is a little longer.<\/p>-->\n        <div class=\"member-contact\">\n    <p style=\"margin-bottom:1rem;\">CONSULTOR\u00cdA Y RELACIONES ESTRAT\u00c9GICAS<\/p>\n    <p style=\"margin-bottom:1rem;\">Sary Sutton Cattan<\/p>\n    \n    <a href=\"https:\/\/www.gizp.online\/consultor\/203-sary-sutton\"><button class=\"btn btn-danger\">Ver Perfil<\/button><\/a>\n    <\/div>\n        \n      <\/div>\n    <\/div>\n  <\/div>\n<\/div>\n\n<\/div>\n\n<div class=\"col-md-12\" style=\"margin-top:50px;display: table;margin: 10px auto;\">\n<div class=\"card team-members\">\n  <div class=\"row no-gutters\">\n    <div class=\"col-md-6\">\n      <div class=\"circular--landscape\">\n    <a href=\"https:\/\/www.gizp.online\/consultor\/44-claudia-caballero\">\n      <img src=\"https:\/\/www.e-inmob.com\/admin123789\/assets\/images\/perfil\/2020-10-23_14_10_15_1.jpg\">\n  <\/a>\n<\/div>\n    <\/div>\n    <div class=\"col-md-10\">\n      <div class=\"card-body\">\n        <h5 class=\"card-title\">&nbsp;<\/h5>\n        <!--<p class=\"card-text\">It's a broader card with text below as a natural lead-in to extra content. This content is a little longer.<\/p>-->\n        <div class=\"member-contact\">\n    <p style=\"margin-bottom:1rem;\">DIRECCI\u00d3N DE LOG\u00cdSTICA Y EVENTOS<\/p>\n    <p style=\"margin-bottom:1rem;\">Claudia Caballero<\/p>\n    \n    <a href=\"https:\/\/www.gizp.online\/consultor\/44-claudia-caballero\"><button class=\"btn btn-danger\">Ver Perfil<\/button><\/a>\n    <\/div>\n        \n      <\/div>\n    <\/div>\n  <\/div>\n<\/div>\n\n<\/div>\n\n\n\n\n<div class=\"col-md-12\" style=\"margin-top:50px;display: table;margin: 10px auto;\">\n<div class=\"card team-members\">\n  <div class=\"row no-gutters\">\n    <div class=\"col-md-6\">\n      <div class=\"circular--landscape\">\n    <a href=\"https:\/\/www.gizp.online\/consultor\/202-mishel-emouna\">\n      <img src=\"https:\/\/www.gizp.online\/blog\/wp-content\/uploads\/2023\/02\/mishel.png\">\n  <\/a>\n<\/div>\n    <\/div>\n    <div class=\"col-md-10\">\n      <div class=\"card-body\">\n        <h5 class=\"card-title\">&nbsp;<\/h5>\n        <!--<p class=\"card-text\">It's a broader card with text below as a natural lead-in to extra content. This content is a little longer.<\/p>-->\n        <div class=\"member-contact\">\n    <p style=\"margin-bottom:1rem;\">DIRECCI\u00d3N FINANCIERA<\/p>\n    <p style=\"margin-bottom:1rem;\">Michele Emouna<\/p>\n    \n    <a href=\"https:\/\/www.gizp.online\/consultor\/202-mishel-emouna\"><button class=\"btn btn-danger\">Ver Perfil<\/button><\/a>\n    <\/div>\n        \n      <\/div>\n    <\/div>\n  <\/div>\n<\/div>\n\n<\/div>\n\n\n\n\n<div class=\"col-md-12\" style=\"margin-top:50px;display: table;margin: 10px auto;\">\n<div class=\"card team-members\">\n  <div class=\"row no-gutters\">\n    <div class=\"col-md-6\">\n      <div class=\"circular--landscape\">\n    <a href=\"#\">\n      <img src=\"https:\/\/www.e-inmob.com\/admin123789\/assets\/images\/perfil\/2023-04-27_00_46_16_2.jpg\">\n  <\/a>\n<\/div>\n    <\/div>\n    <div class=\"col-md-8\">\n      <div class=\"card-body\">\n        <h5 class=\"card-title\">&nbsp;<\/h5>\n        <!--<p class=\"card-text\">It's a broader card with text below as a natural lead-in to extra content. This content is a little longer.<\/p>-->\n        <div class=\"member-contact\">\n    <p style=\"margin-bottom:1rem;\">DIRECCI\u00d3N AFILIACIONES Y CONTABILIDAD<\/p>\n    <p style=\"margin-bottom:1rem;\">Erika Sarmiento<\/p>\n    \n \n    <\/div>\n        \n      <\/div>\n    <\/div>\n  <\/div>\n<\/div>\n\n<\/div>\n\n\n\n\n\n\n<div class=\"col-md-12\" style=\"margin-top:50px;display: table;margin: 10px auto;\">\n<div class=\"card team-members\">\n  <div class=\"row no-gutters\">\n    <div class=\"col-md-6\">\n      <div class=\"circular--landscape\">\n    <a href=\"https:\/\/gizp.online\/consultor\/194-afiliado\">\n      <img src=\"https:\/\/www.e-inmob.com\/admin123789\/assets\/images\/perfil\/2026-01-28_08_54_48_2.jpeg\">\n  <\/a>\n<\/div>\n    <\/div>\n    <div class=\"col-md-8\">\n      <div class=\"card-body\">\n        <h5 class=\"card-title\">&nbsp;<\/h5>\n        <!--<p class=\"card-text\">It's a broader card with text below as a natural lead-in to extra content. This content is a little longer.<\/p>-->\n        <div class=\"member-contact\">\n    <p style=\"margin-bottom:1rem;\">DIRECCI\u00d3N JUR\u00cdDICA Y LEGAL<\/p>\n    <p style=\"margin-bottom:1rem;\">Fernando R. Bustamante<\/p>\n     <a href=\"https:\/\/gizp.online\/consultor\/194-afiliado\"><button class=\"btn btn-danger\">Ver Perfil<\/button><\/a>\n\n    <\/div>\n        \n      <\/div>\n    <\/div>\n  <\/div>\n<\/div>\n\n<\/div>\n\n\n\n\n<div class=\"col-md-12\" style=\"margin-top:50px;display: table;margin: 10px auto;\">\n<div class=\"card team-members\">\n  <div class=\"row no-gutters\">\n    <div class=\"col-md-6\">\n      <div class=\"circular--landscape\">\n    <a href=\"https:\/\/www.gizp.online\/consultor\/2-alejandro-meyer\">\n      <img src=\"https:\/\/www.e-inmob.com\/admin123789\/assets\/images\/perfil\/2025-02-06_12_22_49_2.jpg\">\n  <\/a>\n<\/div>\n    <\/div>\n    <div class=\"col-md-8\">\n      <div class=\"card-body\">\n        <h5 class=\"card-title\">&nbsp;<\/h5>\n        <!--<p class=\"card-text\">It's a broader card with text below as a natural lead-in to extra content. This content is a little longer.<\/p>-->\n        <div class=\"member-contact\">\n    <p style=\"margin-bottom:1rem;\">DIRECCI\u00d3N PLATAFORMA Y TECNOLOG\u00cdA<\/p>\n    <p style=\"margin-bottom:1rem;\">Alejandro Meyer<\/p>\n    \n    <a href=\"https:\/\/www.gizp.online\/consultor\/2-alejandro-meyer\"><button class=\"btn btn-danger\">Ver Perfil<\/button><\/a>\n    <\/div>\n        \n      <\/div>\n    <\/div>\n  <\/div>\n<\/div>\n\n<\/div>\n\n\n\n\n\n<div class=\"col-md-12\" style=\"margin-top:50px;display: table;margin: 10px auto;\">\n<div class=\"card team-members\">\n  <div class=\"row no-gutters\">\n    <div class=\"col-md-6\">\n      <div class=\"circular--landscape\">\n    <a href=\"https:\/\/www.gizp.online\/consultor\/449-antonio-morales\">\n      <img src=\"https:\/\/www.e-inmob.com\/admin123789\/assets\/images\/perfil\/2023-08-02_23_43_23_2.png\">\n  <\/a>\n<\/div>\n    <\/div>\n    <div class=\"col-md-8\">\n      <div class=\"card-body\">\n        <h5 class=\"card-title\">&nbsp;<\/h5>\n        <!--<p class=\"card-text\">It's a broader card with text below as a natural lead-in to extra content. This content is a little longer.<\/p>-->\n        <div class=\"member-contact\">\n    <p style=\"margin-bottom:1rem;\">DIRECCI\u00d3N PATROCINIOS Y PROVEEDORES<\/p>\n    <p style=\"margin-bottom:1rem;\">Antonio Morales<\/p>\n    \n    <a href=\"https:\/\/www.gizp.online\/consultor\/449-antonio-morales\"><button class=\"btn btn-danger\">Ver Perfil<\/button><\/a>\n    <\/div>\n        \n      <\/div>\n    <\/div>\n  <\/div>\n<\/div>\n\n<\/div>\n\n\n\n\n<div class=\"col-md-12\" style=\"margin-top:50px;display: table;margin: 10px auto;\">\n<div class=\"card team-members\">\n  <div class=\"row no-gutters\">\n    <div class=\"col-md-6\">\n      <div class=\"circular--landscape\">\n    <a href=\"https:\/\/www.gizp.online\/consultor\/384-cecilia\">\n      <img src=\"https:\/\/www.e-inmob.com\/admin123789\/assets\/images\/perfil\/2023-01-30_23_39_12_2.jpg\">\n  <\/a>\n<\/div>\n    <\/div>\n    <div class=\"col-md-10\">\n      <div class=\"card-body\">\n        <h5 class=\"card-title\">&nbsp;<\/h5>\n        <!--<p class=\"card-text\">It's a broader card with text below as a natural lead-in to extra content. This content is a little longer.<\/p>-->\n        <div class=\"member-contact\">\n    <p style=\"margin-bottom:1rem;\">DIRECCI\u00d3N GIZP ABRAZA<\/p>\n    <p style=\"margin-bottom:1rem;\">Cecilia Viadas<\/p>\n    \n    <a href=\"https:\/\/www.gizp.online\/consultor\/384-cecilia\"><button class=\"btn btn-danger\">Ver Perfil<\/button><\/a>\n    <\/div>\n        \n      <\/div>\n    <\/div>\n  <\/div>\n<\/div>\n\n<\/div>\n\n\n\n\n\n<div class=\"col-md-12\" style=\"margin-top:50px;display: table;margin: 10px auto;\">\n<div class=\"card team-members\">\n  <div class=\"row no-gutters\">\n    <div class=\"col-md-6\">\n      <div class=\"circular--landscape\">\n    <a href=\"https:\/\/www.gizp.online\/consultor\/199-leslie-leal\">\n      <img src=\"https:\/\/www.e-inmob.com\/admin123789\/assets\/images\/perfil\/2025-01-23_12_34_21_2.jpg\">\n  <\/a>\n<\/div>\n    <\/div>\n    <div class=\"col-md-8\">\n      <div class=\"card-body\">\n        <h5 class=\"card-title\">&nbsp;<\/h5>\n        <!--<p class=\"card-text\">It's a broader card with text below as a natural lead-in to extra content. This content is a little longer.<\/p>-->\n        <div class=\"member-contact\">\n    <p style=\"margin-bottom:1rem;\">DIRECCI\u00d3N DE POL\u00cdTICAS Y PROCEDIMIENTOS<\/p>\n    <p style=\"margin-bottom:1rem;\">Leslie Leal<\/p>\n    \n    <a href=\"https:\/\/www.gizp.online\/consultor\/199-leslie-leal\"><button class=\"btn btn-danger\">Ver Perfil<\/button><\/a>\n    <\/div>\n        \n      <\/div>\n    <\/div>\n  <\/div>\n<\/div>\n\n<\/div>\n\n\n\n\n<div class=\"col-md-12\" style=\"margin-top:50px;display: table;margin: 10px auto;\">\n<div class=\"card team-members\">\n  <div class=\"row no-gutters\">\n    <div class=\"col-md-6\">\n      <div class=\"circular--landscape\">\n    <a href=\"#\">\n      <img src=\"https:\/\/www.gizp.online\/blog\/wp-content\/uploads\/2023\/02\/ilan_ryc.jpeg\">\n  <\/a>\n<\/div>\n    <\/div>\n    <div class=\"col-md-8\">\n      <div class=\"card-body\">\n        <h5 class=\"card-title\">&nbsp;<\/h5>\n        <!--<p class=\"card-text\">It's a broader card with text below as a natural lead-in to extra content. This content is a little longer.<\/p>-->\n        <div class=\"member-contact\">\n    <p style=\"margin-bottom:1rem;\">DIRECCI\u00d3N ALIANZAS ESTRAT\u00c9GICAS<\/p>\n    <p style=\"margin-bottom:1rem;\">Ilan Ryc<\/p>\n\n    <\/div>\n        \n      <\/div>\n    <\/div>\n  <\/div>\n<\/div>\n\n<\/div>\n\n\n<div class=\"col-md-12\" style=\"margin-top:50px;display: table;margin: 10px auto;\">\n<div class=\"card team-members\">\n  <div class=\"row no-gutters\">\n    <div class=\"col-md-6\">\n      <div class=\"circular--landscape\">\n    <a href=\"https:\/\/www.gizp.online\/consultor\/245-sylvia-rodriguez\">\n      <img src=\"https:\/\/www.e-inmob.com\/admin123789\/assets\/images\/perfil\/2023-09-12_23_14_27_2.png\">\n  <\/a>\n<\/div>\n    <\/div>\n    <div class=\"col-md-8\">\n      <div class=\"card-body\">\n        <h5 class=\"card-title\">&nbsp;<\/h5>\n        <!--<p class=\"card-text\">It's a broader card with text below as a natural lead-in to extra content. This content is a little longer.<\/p>-->\n        <div class=\"member-contact\">\n    <p style=\"margin-bottom:1rem;\">DIRECCI\u00d3N EJECUTIVA Y COORDINACI\u00d3N DEL CONSEJO<\/p>\n    <p style=\"margin-bottom:1rem;\">Sylvia Rodr\u00edguez<\/p>\n    \n    <a href=\"https:\/\/www.gizp.online\/consultor\/245-sylvia-rodriguez\"><button class=\"btn btn-danger\">Ver Perfil<\/button><\/a>\n    <\/div>\n        \n      <\/div>\n    <\/div>\n  <\/div>\n<\/div>\n\n<\/div>\n\n\n\n\n\n\n\n\n<\/div>\n\n<style>\n.card {\n  position: relative;\n  display: -webkit-box;\n  display: -ms-flexbox;\n  display: flex;\n  -webkit-box-orient: vertical;\n  -webkit-box-direction: normal;\n  -ms-flex-direction: column;\n  flex-direction: column;\n  min-width: 0;\n  word-wrap: break-word;\n  background-color: #fff;\n  background-clip: border-box;\n  border: 1px solid rgba(0,0,0,.125);\n  border-radius: .25rem;\n}\n.circular--landscape {\n  display: inline-block;\n  position: relative;\n  width: 200px;\n  height: 200px;\n  overflow: hidden;\n  border-radius: 50%;\n  background-color: #4D4D4D;\nmargin-left:5px;\n}\n.no-gutters {\n  margin-right: 0;\n  margin-left: 0;\n}\n.btn-danger{\nbackground: #F66133;\nborder: 1px solid #F66133;\n  border-bottom-color: rgb(246, 97, 51);\n  border-bottom-style: solid;\n  border-bottom-width: 1px;\nborder-bottom: 3px solid #F66133;\n}\n<\/style>\n","protected":false},"excerpt":{"rendered":"<p>&nbsp; PRESIDENTE Roslin Balli &nbsp; VICEPRESIDENTE Y DIRECCI\u00d3N DE EDUCACI\u00d3N Dimphna Cabello Ver Perfil &nbsp; PRESIDENTE COMIT\u00c9 DE \u00c9TICA Mariana Segura Ver Perfil &nbsp; CONSULTOR\u00cdA&hellip;<\/p>\n","protected":false},"author":1,"featured_media":0,"parent":0,"menu_order":0,"comment_status":"closed","ping_status":"closed","template":"","meta":[],"_links":{"self":[{"href":"https:\/\/www.gizp.online\/blog\/wp-json\/wp\/v2\/pages\/53"}],"collection":[{"href":"https:\/\/www.gizp.online\/blog\/wp-json\/wp\/v2\/pages"}],"about":[{"href":"https:\/\/www.gizp.online\/blog\/wp-json\/wp\/v2\/types\/page"}],"author":[{"embeddable":true,"href":"https:\/\/www.gizp.online\/blog\/wp-json\/wp\/v2\/users\/1"}],"replies":[{"embeddable":true,"href":"https:\/\/www.gizp.online\/blog\/wp-json\/wp\/v2\/comments?post=53"}],"version-history":[{"count":41,"href":"https:\/\/www.gizp.online\/blog\/wp-json\/wp\/v2\/pages\/53\/revisions"}],"predecessor-version":[{"id":978,"href":"https:\/\/www.gizp.online\/blog\/wp-json\/wp\/v2\/pages\/53\/revisions\/978"}],"wp:attachment":[{"href":"https:\/\/www.gizp.online\/blog\/wp-json\/wp\/v2\/media?parent=53"}],"curies":[{"name":"wp","href":"https:\/\/api.w.org\/{rel}","templated":true}]}}