{"id":61,"date":"2022-01-18T04:09:28","date_gmt":"2022-01-18T04:09:28","guid":{"rendered":"https:\/\/www.gizp.online\/blog\/?page_id=61"},"modified":"2024-01-19T19:24:07","modified_gmt":"2024-01-19T19:24:07","slug":"educacion-y-certificaciones","status":"publish","type":"page","link":"https:\/\/www.gizp.online\/blog\/educacion-y-certificaciones\/","title":{"rendered":"Educaci\u00f3n"},"content":{"rendered":"\n<figure class=\"wp-block-image size-large\"><img loading=\"lazy\" width=\"1024\" height=\"576\" src=\"https:\/\/www.gizp.online\/blog\/wp-content\/uploads\/2023\/07\/curso-3-1024x576.jpg\" alt=\"\" class=\"wp-image-569\" srcset=\"https:\/\/www.gizp.online\/blog\/wp-content\/uploads\/2023\/07\/curso-3-1024x576.jpg 1024w, https:\/\/www.gizp.online\/blog\/wp-content\/uploads\/2023\/07\/curso-3-300x169.jpg 300w, https:\/\/www.gizp.online\/blog\/wp-content\/uploads\/2023\/07\/curso-3-768x432.jpg 768w, https:\/\/www.gizp.online\/blog\/wp-content\/uploads\/2023\/07\/curso-3-1536x864.jpg 1536w, https:\/\/www.gizp.online\/blog\/wp-content\/uploads\/2023\/07\/curso-3-769x433.jpg 769w, https:\/\/www.gizp.online\/blog\/wp-content\/uploads\/2023\/07\/curso-3-600x338.jpg 600w, https:\/\/www.gizp.online\/blog\/wp-content\/uploads\/2023\/07\/curso-3.jpg 1600w\" sizes=\"(max-width: 1024px) 100vw, 1024px\" \/><\/figure>\n\n\n\n<p><strong>En la vida de un individuo, se destaca la importancia de hacerse de un patrimonio inmobiliario, cuidar de \u00e9l y crecerlo. En GIZP trabajamos en Educaci\u00f3n Continua para mantenernos como corredores de bienes ra\u00edces, altamente calificados, para desempe\u00f1ar la labor que la sociedad mexicana, dentro de un marco de legalidad y certeza, demanda en materia inmobiliaria.<\/strong><\/p>\n\n\n\n<p><strong>VISI\u00d3N<\/strong><\/p>\n\n\n\n<p>Ser la Divisi\u00f3n de GIZP que, en concordancia con los valores, misi\u00f3n y visi\u00f3n de la Asociaci\u00f3n, de manera continua, ofrezca a sus afiliados, educaci\u00f3n y formaci\u00f3n; para as\u00ed, distinguirse como la Asociaci\u00f3n cuyos miembros sean los m\u00e1s competentes en el mercado.<\/p>\n\n\n\n<p><strong>MISI\u00d3N<\/strong><\/p>\n\n\n\n<p>Generar y facilitar a los afiliados, programas de contenido en comercializaci\u00f3n de bienes ra\u00edces, inter\u00e9s general, de vanguardia y humano, que contribuyan a su bienestar y al espacio en el que ellos desarrollen el conocimiento y las habilidades que les apoyen en el ejercicio de su labor; para brindar a la sociedad servicios que se caractericen por la confiabilidad y seguridad de las operaciones inmobiliarias.<\/p>\n\n\n\n<div class=\"wp-block-buttons\">\n<div class=\"wp-block-button has-custom-width wp-block-button__width-25\"><a class=\"wp-block-button__link\" href=\"https:\/\/www.gizp.com.mx\/\" target=\"_blank\" rel=\"noreferrer noopener\">Ver cursos<\/a><\/div>\n<\/div>\n\n\n\n<p><\/p>\n","protected":false},"excerpt":{"rendered":"<p>En la vida de un individuo, se destaca la importancia de hacerse de un patrimonio inmobiliario, cuidar de \u00e9l y crecerlo. En GIZP trabajamos en&hellip;<\/p>\n","protected":false},"author":1,"featured_media":0,"parent":0,"menu_order":0,"comment_status":"closed","ping_status":"closed","template":"","meta":[],"_links":{"self":[{"href":"https:\/\/www.gizp.online\/blog\/wp-json\/wp\/v2\/pages\/61"}],"collection":[{"href":"https:\/\/www.gizp.online\/blog\/wp-json\/wp\/v2\/pages"}],"about":[{"href":"https:\/\/www.gizp.online\/blog\/wp-json\/wp\/v2\/types\/page"}],"author":[{"embeddable":true,"href":"https:\/\/www.gizp.online\/blog\/wp-json\/wp\/v2\/users\/1"}],"replies":[{"embeddable":true,"href":"https:\/\/www.gizp.online\/blog\/wp-json\/wp\/v2\/comments?post=61"}],"version-history":[{"count":8,"href":"https:\/\/www.gizp.online\/blog\/wp-json\/wp\/v2\/pages\/61\/revisions"}],"predecessor-version":[{"id":724,"href":"https:\/\/www.gizp.online\/blog\/wp-json\/wp\/v2\/pages\/61\/revisions\/724"}],"wp:attachment":[{"href":"https:\/\/www.gizp.online\/blog\/wp-json\/wp\/v2\/media?parent=61"}],"curies":[{"name":"wp","href":"https:\/\/api.w.org\/{rel}","templated":true}]}}