{"id":67,"date":"2022-01-18T04:13:12","date_gmt":"2022-01-18T04:13:12","guid":{"rendered":"https:\/\/www.gizp.online\/blog\/?page_id=67"},"modified":"2023-07-05T20:23:05","modified_gmt":"2023-07-05T20:23:05","slug":"aviso-de-privacidad","status":"publish","type":"page","link":"https:\/\/www.gizp.online\/blog\/aviso-de-privacidad\/","title":{"rendered":"Aviso de Privacidad"},"content":{"rendered":"\n<p>Grupo Inmobiliario Zona Poniente M\u00e9xico A.C., mejor conocido como GIZP, con domicilio en Calle Jaime Balmes 11 Torre A Piso 1, Plaza Polanco, Col. Los Morales Polanco, Alcald\u00eda Miguel Hidalgo, C. P. 11510, Ciudad de M\u00e9xico, M\u00e9xico, y portal de internet https:\/\/www.gizp.com.mx\/; es el responsable del uso y protecci\u00f3n de sus datos personales. Y al respecto le informamos lo siguiente:<\/p>\n\n\n\n<p>De manera adicional, su informaci\u00f3n ser\u00e1 utilizada para finalidades no necesarias para el servicio solicitado, pero que nos permiten y facilitan brindarle una mejor atenci\u00f3n, como:<\/p>\n\n\n\n<ul><li>Contacto para posible afiliaci\u00f3n.<\/li><li>Promoci\u00f3n de certificaciones y educaci\u00f3n continua.<\/li><li>Mercadotecnia y publicidad.<\/li><li>Prospecci\u00f3n comercial.<\/li><\/ul>\n\n\n\n<p>En caso de que no desee que sus datos personales sean utilizados para los siguientes fines, ind\u00edquelo a continuaci\u00f3n.<\/p>\n\n\n\n<p>No consiento que mis datos personales se usen para:<\/p>\n\n\n\n<p>( ) Contacto para posible afiliaci\u00f3n.<br>( ) Promoci\u00f3n de certificaciones y educaci\u00f3n continua.<br>( ) Mercadotecnia y publicidad.<br>( ) Prospecci\u00f3n comercial.<\/p>\n\n\n\n<p>La negativa para el uso de sus datos personales para tales finalidades no podr\u00e1 ser un motivo para la negaci\u00f3n de los servicios y productos solicitados o contratados con Grupo Inmobiliario Zona Poniente M\u00e9xico A.C.<\/p>\n\n\n\n<p>Para mayores informes sobre los t\u00e9rminos y condiciones en que ser\u00e1n tratados sus datos personales, como informaci\u00f3n de terceros con quienes compartimos tal informaci\u00f3n y la que podr\u00e1 ejercer sus derechos ARCO, puede consultarnos al correo: gizp@gizp.com.mx<\/p>\n","protected":false},"excerpt":{"rendered":"<p>Grupo Inmobiliario Zona Poniente M\u00e9xico A.C., mejor conocido como GIZP, con domicilio en Calle Jaime Balmes 11 Torre A Piso 1, Plaza Polanco, Col. Los&hellip;<\/p>\n","protected":false},"author":1,"featured_media":0,"parent":0,"menu_order":0,"comment_status":"closed","ping_status":"closed","template":"","meta":[],"_links":{"self":[{"href":"https:\/\/www.gizp.online\/blog\/wp-json\/wp\/v2\/pages\/67"}],"collection":[{"href":"https:\/\/www.gizp.online\/blog\/wp-json\/wp\/v2\/pages"}],"about":[{"href":"https:\/\/www.gizp.online\/blog\/wp-json\/wp\/v2\/types\/page"}],"author":[{"embeddable":true,"href":"https:\/\/www.gizp.online\/blog\/wp-json\/wp\/v2\/users\/1"}],"replies":[{"embeddable":true,"href":"https:\/\/www.gizp.online\/blog\/wp-json\/wp\/v2\/comments?post=67"}],"version-history":[{"count":2,"href":"https:\/\/www.gizp.online\/blog\/wp-json\/wp\/v2\/pages\/67\/revisions"}],"predecessor-version":[{"id":572,"href":"https:\/\/www.gizp.online\/blog\/wp-json\/wp\/v2\/pages\/67\/revisions\/572"}],"wp:attachment":[{"href":"https:\/\/www.gizp.online\/blog\/wp-json\/wp\/v2\/media?parent=67"}],"curies":[{"name":"wp","href":"https:\/\/api.w.org\/{rel}","templated":true}]}}