{"id":83,"date":"2022-02-03T17:51:23","date_gmt":"2022-02-03T17:51:23","guid":{"rendered":"https:\/\/www.gizp.online\/blog\/?page_id=83"},"modified":"2022-03-10T16:00:23","modified_gmt":"2022-03-10T16:00:23","slug":"beneficios-a-afiliados","status":"publish","type":"page","link":"https:\/\/www.gizp.online\/blog\/beneficios-a-afiliados\/","title":{"rendered":"Beneficios a Afiliados"},"content":{"rendered":"\n<p>Esta es una \u00e9poca de <strong>uni\u00f3n y adaptaci\u00f3n<\/strong>, es importante que te sumes a inmobiliarios profesionales con la meta com\u00fan de salir adelante haciendo negocios de manera certera, clara con el dinamismo que exigen los nuevos tiempos.<\/p>\n\n\n\n<p><strong>Comprometidos con la digitalizaci\u00f3n del gremio<\/strong>; GIZP opera sobre una plataforma de colaboraci\u00f3n de \u00faltima generaci\u00f3n que te permitir\u00e1 generar sinergias con el resto de los afiliados de manera \u00e1gil, segura y clara; con procesos certificados y reglas embebidas en los mismos. <strong>Estamos creando nuestra propia cultura digital<\/strong>.<\/p>\n\n\n\n<p>En GIZP tenemos el <strong>networking<\/strong> m\u00e1s importante de la zona poniente, muchos proveedores de servicios se interesan en trabajar con nosotros, nuestra cartera de propiedades es la m\u00e1s atractiva en el mercado donde encontrar\u00e1s muchos colegas dispuestos a hacer negocios, con gente profesional comprometida al firmar un C\u00f3digo de \u00c9tica, que respalda el trabajo y operaciones para todos.<\/p>\n\n\n\n<p>La <strong>capacitaci\u00f3n continua<\/strong> con un importante programa de certificaciones con universidades e instituciones de gran prestigio, adem\u00e1s de una gama especializada de chats en WhatsApp y Telegram, har\u00e1n que tus propiedades y negocio crezcan.<\/p>\n\n\n\n<p>Hemos creado una <strong>red profesional<\/strong> con notarios, bancos, corredores hipotecarios, entre otros muchos, como una ayuda a que realices tu trabajo con mayor \u00e9xito. Obtendr\u00e1s beneficios, para lograr potencializar tu \u00e9xito, como son precios atractivos, descuentos y atenci\u00f3n personalizada en los portales inmobiliarios y despachos de p\u00f3lizas jur\u00eddicas.<\/p>\n\n\n\n<p>En GIZP nos unimos a las nuevas generaciones profesionales con las cuales compartimos experiencias y aprendemos de su innovaci\u00f3n e iniciativa, juntos seremos m\u00e1s fuertes, y aseguramos nuestra continuidad.&nbsp;<\/p>\n\n\n\n<p><strong>Nos importa que est\u00e9s bien<\/strong>, para ello tendremos interesantes pl\u00e1ticas en temas sociales, humanos o de salud para enriquecernos juntos en todo sentido.<\/p>\n\n\n\n<p>La asesor\u00eda gratuita legal, fiscal, notarial y cr\u00e9ditos hipotecarios con profesionistas especializados, para solucionar tus dudas y as\u00ed logres m\u00e1s cierres.<\/p>\n\n\n\n<p>Con nuestro exitoso Comit\u00e9 de \u00c9tica, lograremos solucionar para ti, cualquier problema entre colegas, con nuestro apoyo juntos, resolveremos la situaci\u00f3n.<\/p>\n\n\n\n<p><strong>Para nosotros, no eres un afiliado m\u00e1s, tienes nombre y apellido, te conocemos por un nombre corto de cari\u00f1o, eres muy importante para nosotros, en GIZP somos TODOS, hacemos la diferencia, bienvenido a tu familia inmobiliaria GIZP! \u00a1Somos L\u00edderes en Acci\u00f3n!<\/strong><\/p>\n","protected":false},"excerpt":{"rendered":"<p>Esta es una \u00e9poca de uni\u00f3n y adaptaci\u00f3n, es importante que te sumes a inmobiliarios profesionales con la meta com\u00fan de salir adelante haciendo negocios&hellip;<\/p>\n","protected":false},"author":1,"featured_media":0,"parent":0,"menu_order":0,"comment_status":"closed","ping_status":"closed","template":"","meta":[],"_links":{"self":[{"href":"https:\/\/www.gizp.online\/blog\/wp-json\/wp\/v2\/pages\/83"}],"collection":[{"href":"https:\/\/www.gizp.online\/blog\/wp-json\/wp\/v2\/pages"}],"about":[{"href":"https:\/\/www.gizp.online\/blog\/wp-json\/wp\/v2\/types\/page"}],"author":[{"embeddable":true,"href":"https:\/\/www.gizp.online\/blog\/wp-json\/wp\/v2\/users\/1"}],"replies":[{"embeddable":true,"href":"https:\/\/www.gizp.online\/blog\/wp-json\/wp\/v2\/comments?post=83"}],"version-history":[{"count":3,"href":"https:\/\/www.gizp.online\/blog\/wp-json\/wp\/v2\/pages\/83\/revisions"}],"predecessor-version":[{"id":155,"href":"https:\/\/www.gizp.online\/blog\/wp-json\/wp\/v2\/pages\/83\/revisions\/155"}],"wp:attachment":[{"href":"https:\/\/www.gizp.online\/blog\/wp-json\/wp\/v2\/media?parent=83"}],"curies":[{"name":"wp","href":"https:\/\/api.w.org\/{rel}","templated":true}]}}